{"id":70,"date":"2011-02-27T22:35:20","date_gmt":"2011-02-27T21:35:20","guid":{"rendered":"http:\/\/www.tzoeller.de\/wordpress\/?page_id=70"},"modified":"2013-07-25T09:11:31","modified_gmt":"2013-07-25T08:11:31","slug":"impressum","status":"publish","type":"page","link":"http:\/\/www.tzoeller.de\/wordpress\/impressum","title":{"rendered":"Impressum"},"content":{"rendered":"<div><strong>E Mail<\/strong>: <a href=\"mailto:torsten.zoeller@germanynet.de\">Info (a) tzoeller.de<\/a><\/div>\n<div>T. Z\u00f6ller<\/div>\n<div>45259 Essen<\/div>\n<div>\n<div>\n<div><em>Haftungshinweis: Trotz sorgf\u00e4ltiger  inhaltlicher Kontrolle   \u00fcbernehmen wir keine Haftung f\u00fcr die Inhalte  externer Links. F\u00fcr den  Inhalt der  verlinkten Seiten sind  ausschlie\u00dflich deren Betreiber  verantwortlich.<\/em><\/div>\n<\/div>\n<h1><\/h1>\n<h1>Disclaimer &#8211; rechtliche Hinweise<\/h1>\n<h2>1. Haftungsbeschr\u00e4nkung<\/h2>\n<p>Die Inhalte dieser Website werden mit  gr\u00f6stm\u00f6glicher Sorgfalt erstellt. Der Anbieter \u00fcbernimmt jedoch keine  Gew\u00e4hr f\u00fcr die Richtigkeit, Vollst\u00e4ndigkeit und Aktualit\u00e4t der  bereitgestellten Inhalte. Die Nutzung der Inhalte der Website erfolgt  auf eigene Gefahr des Nutzers. Namentlich gekennzeichnete Beitr\u00e4ge geben  die Meinung des jeweiligen Autors und nicht immer die Meinung des  Anbieters wieder. Mit der reinen Nutzung der Website des Anbieters kommt  keinerlei Vertragsverh\u00e4ltnis zwischen dem Nutzer und dem Anbieter  zustande.<\/p>\n<h2>2. Externe Links<\/h2>\n<div>Diese Website enth\u00e4lt Verkn\u00fcpfungen zu  Websites Dritter (&#8222;externe Links&#8220;). Diese Websites unterliegen der  Haftung der jeweiligen Betreiber. Der Anbieter hat bei der erstmaligen  Verkn\u00fcpfung der externen Links die fremden Inhalte daraufhin \u00fcberpr\u00fcft,  ob etwaige Rechtsverst\u00f6\u00dfe bestehen. Zu dem Zeitpunkt waren keine  Rechtsverst\u00f6\u00dfe ersichtlich. Der Anbieter hat keinerlei Einfluss auf die  aktuelle und zuk\u00fcnftige Gestaltung und auf die Inhalte der verkn\u00fcpften  Seiten. Das Setzen von externen Links bedeutet nicht, dass sich der  Anbieter die hinter dem Verweis oder Link liegenden Inhalte zu Eigen  macht. Eine st\u00e4ndige Kontrolle dieser externen Links ist f\u00fcr den  Anbieter ohne konkrete Hinweise auf Rechtsverst\u00f6\u00dfe nicht zumutbar. Bei  Kenntnis von Rechtsverst\u00f6\u00dfen werden jedoch derartige externe Links  unverz\u00fcglich gel\u00f6scht.<\/div>\n<h2>3. Urheber- und Leistungsschutzrechte<\/h2>\n<p>Die auf dieser Website ver\u00f6ffentlichten  Inhalte unterliegen dem deutschen Urheber- und Leistungsschutzrecht.  Jede vom deutschen Urheber- und Leistungsschutzrecht nicht zugelassene  Verwertung bedarf der vorherigen schriftlichen Zustimmung des Anbieters  oder jeweiligen Rechteinhabers. Dies gilt insbesondere f\u00fcr  Vervielf\u00e4ltigung, Bearbeitung, \u00dcbersetzung, Einspeicherung, Verarbeitung  bzw. Wiedergabe von Inhalten in Datenbanken oder anderen elektronischen  Medien und Systemen. Inhalte und Rechte Dritter sind dabei als solche  gekennzeichnet. Die unerlaubte Vervielf\u00e4ltigung oder Weitergabe  einzelner Inhalte oder kompletter Seiten ist nicht gestattet und  strafbar. Lediglich die Herstellung von Kopien und Downloads f\u00fcr den  pers\u00f6nlichen, privaten und nicht kommerziellen Gebrauch ist erlaubt.<\/p>\n<p>Die Darstellung dieser Website in fremden Frames ist nur mit schriftlicher Erlaubnis zul\u00e4ssig<\/p>\n<h2>4. Datenschutz.<\/h2>\n<p>Durch den Besuch  der Website des Anbieters k\u00f6nnen Informationen \u00dcber den Zugriff (Datum,  Uhrzeit, betrachtete Seite) gespeichert werden. Diese Daten geh\u00f6ren  nicht zu den personenbezogenen Daten, sondern sind anonymisiert. Sie  werden ausschlie\u00dflich zu statistischen Zwecken ausgewertet. Eine  Weitergabe an Dritte, zu kommerziellen oder nichtkommerziellen Zwecken,  findet nicht statt.<\/p>\n<p>Der Anbieter weist  ausdr\u00fccklich darauf hin, dass die Daten\u00fcbertragung im Internet (z.B.  bei der Kommunikation per E-Mail) Sicherheitsl\u00fccken aufweisen und nicht  l\u00fcckenlos vor dem Zugriff durch Dritte gesch\u00fctzt werden kann.<\/p>\n<p>Die Verwendung der Kontaktdaten des  Impressums zur gewerblichen Werbung ist ausdr\u00fccklich nicht erw\u00fcnscht, es  sei denn der Anbieter hatte zuvor seine schriftliche Einwilligung  erteilt oder es besteht bereits eine Gesch\u00e4ftsbeziehung. Der Anbieter  und alle auf dieser Website genannten Personen widersprechen hiermit  jeder kommerziellen Verwendung und Weitergabe ihrer Daten.<\/p>\n<h2>5. Besondere Nutzungsbedingungen<\/h2>\n<p>Soweit besondere Bedingungen f\u00fcr einzelne  Nutzungen dieser Website von den vorgenannten Nummern 1. bis 4.  abweichen, wird an entsprechender Stelle ausdr\u00fccklich darauf  hingewiesen. In diesem Falle gelten im jeweiligen Einzelfall die  besonderen Nutzungsbedingungen.<\/p>\n<div>Quelle: <a href=\"http:\/\/www.juraforum.de\/disclaimer_muster\/\" target=\"_blank\">Disclaimer<\/a> pr\u00e4sentiert von <a href=\"http:\/\/www.juraforum.de\/\" target=\"_blank\">Juraforum.de<\/a> &amp; <a href=\"http:\/\/www.experten-branchenbuch.de\/\" target=\"_blank\">Experten-Branchenbuch.de<\/a><\/div>\n<\/div>\n","protected":false},"excerpt":{"rendered":"<p>E Mail: Info (a) tzoeller.de T. Z\u00f6ller 45259 Essen Haftungshinweis: Trotz sorgf\u00e4ltiger inhaltlicher Kontrolle \u00fcbernehmen wir keine Haftung f\u00fcr die Inhalte externer Links. F\u00fcr den Inhalt der verlinkten Seiten sind ausschlie\u00dflich deren Betreiber verantwortlich. Disclaimer &#8211; rechtliche Hinweise 1. Haftungsbeschr\u00e4nkung &hellip; <a href=\"http:\/\/www.tzoeller.de\/wordpress\/impressum\">Weiterlesen <span class=\"meta-nav\">&rarr;<\/span><\/a><\/p>\n","protected":false},"author":1,"featured_media":0,"parent":0,"menu_order":0,"comment_status":"closed","ping_status":"closed","template":"","meta":[],"_links":{"self":[{"href":"http:\/\/www.tzoeller.de\/wordpress\/wp-json\/wp\/v2\/pages\/70"}],"collection":[{"href":"http:\/\/www.tzoeller.de\/wordpress\/wp-json\/wp\/v2\/pages"}],"about":[{"href":"http:\/\/www.tzoeller.de\/wordpress\/wp-json\/wp\/v2\/types\/page"}],"author":[{"embeddable":true,"href":"http:\/\/www.tzoeller.de\/wordpress\/wp-json\/wp\/v2\/users\/1"}],"replies":[{"embeddable":true,"href":"http:\/\/www.tzoeller.de\/wordpress\/wp-json\/wp\/v2\/comments?post=70"}],"version-history":[{"count":5,"href":"http:\/\/www.tzoeller.de\/wordpress\/wp-json\/wp\/v2\/pages\/70\/revisions"}],"predecessor-version":[{"id":74,"href":"http:\/\/www.tzoeller.de\/wordpress\/wp-json\/wp\/v2\/pages\/70\/revisions\/74"}],"wp:attachment":[{"href":"http:\/\/www.tzoeller.de\/wordpress\/wp-json\/wp\/v2\/media?parent=70"}],"curies":[{"name":"wp","href":"https:\/\/api.w.org\/{rel}","templated":true}]}}