{"id":319,"date":"2013-04-04T01:45:12","date_gmt":"2013-04-04T00:45:12","guid":{"rendered":"http:\/\/www.tzoeller.de\/wordpress\/?page_id=319"},"modified":"2023-04-08T02:08:10","modified_gmt":"2023-04-08T01:08:10","slug":"wetterseite-2","status":"publish","type":"page","link":"http:\/\/www.tzoeller.de\/wordpress\/wetterseite-2","title":{"rendered":"Wetterseite"},"content":{"rendered":"<p>Trotz sorgf\u00e4ltiger inhaltlicher Kontrolle \u00fcbernehme ich keinerlei Haftung f\u00fcr Inhalte externer Links. F\u00fcr den Inhalt der verlinkten Seiten sind ausschlie\u00dflich deren Betreiber verantwortlich.<br \/><iframe loading=\"lazy\" src=\"https:\/\/embed.windyty.com\/?surface,wind,now,,,,\" width=\"600\" height=\"500\" frameborder=\"0\"><\/iframe><\/p>\n<p><strong>Vorhersage Travem\u00fcnde<\/strong><\/p>\n<p><script type=\"text\/javascript\" src=\"http:\/\/widget.windguru.cz\/js\/wg_widget.php\"><\/script><script type=\"text\/javascript\" language=\"JavaScript\">\/\/ &amp;amp;amp;amp;amp;lt;![CDATA[ WgWidget({ s: 48144, odh:0, doh:24, wj:'bft', tj:'c', waj:'m', fhours:72, lng:'de', params: ['WINDSPD','GUST','SMER','HTSGW','TMPE','CDC','APCPs','SLP'], first_row:true, spotname:true, first_row_minfo:true, last_row:true, lat_lon:true, tz:true, sun:true, link_archive:false, link_new_window:true }, 'wg_target_div_48144_41562358' ); \/\/ ]]&amp;amp;amp;amp;amp;gt;<\/script><\/p>\n<div id=\"wg_target_div_48144_41562358\">\u00a0<\/div>\n<p><strong>Surfwetter in Malcesine<\/strong><\/p>\n<p><script type=\"text\/javascript\" src=\"http:\/\/widget.windguru.cz\/js\/wg_widget.php\"><\/script><script type=\"text\/javascript\" language=\"JavaScript\">\/\/ &amp;amp;amp;amp;amp;lt;![CDATA[ WgWidget({ s: 49196, odh:0, doh:24, wj:'bft', tj:'c', waj:'m', fhours:72, lng:'de', params: ['WINDSPD','GUST','SMER','HTSGW','TMPE','CDC','APCPs','SLP'], first_row:true, spotname:true, first_row_minfo:true, last_row:true, lat_lon:true, tz:true, sun:true, link_archive:false, link_new_window:true }, 'wg_target_div_49196_60424995' ); \/\/ ]]&amp;amp;amp;amp;amp;gt;<\/script><\/p>\n<div id=\"wg_target_div_49196_60424995\">\u00a0<\/div>\n<p>Trotz sorgf\u00e4ltiger inhaltlicher Kontrolle \u00fcbernehmen wir keinerlei Haftung f\u00fcr Inhalte externer Links. F\u00fcr den Inhalt der verlinkten Seiten sind ausschlie\u00dflich deren Betreiber verantwortlich.<\/p>\n<p>\u00a0<\/p>\n<p><strong>N\u00fctzliche Wetterinformationen:<\/strong><\/p>\n\n\n<figure class=\"wp-block-table\"><table><tbody><tr><td>DWD &#8211; Seewetter Nord- und Ostsee<\/td><td><a href=\"https:\/\/www.dwd.de\/DE\/fachnutzer\/schifffahrt\/seewetter\/nordostsee\/_node.html\" data-type=\"URL\" data-id=\"https:\/\/www.dwd.de\/DE\/fachnutzer\/schifffahrt\/seewetter\/nordostsee\/_node.html\">https:\/\/www.dwd.de\/DE\/fachnutzer\/schifffahrt\/seewetter\/nordostsee\/_node.html<\/a><\/td><\/tr><tr><td>wetter3 Wetterkarten<\/td><td><a href=\"https:\/\/www.dwd.de\/DE\/fachnutzer\/schifffahrt\/seewetter\/nordostsee\/_node.html\">https:\/\/www.dwd.de\/DE\/fachnutzer\/schifffahrt\/seewetter\/nordostsee\/_node.html<\/a><\/td><\/tr><tr><td>Norwegen<\/td><td><u><span style=\"font-size: medium;\"><a href=\"http:\/\/www.yr.no\/\" target=\"_blank\" rel=\"noopener\">www.yr.no<\/a><\/span><\/u><\/td><\/tr><tr><td>D\u00e4nemark<\/td><td><u><a href=\"https:\/\/www.dmi.dk\/\" target=\"_blank\" rel=\"noopener\"><span style=\"font-size: medium;\">www.dmi.dk<\/span><\/a><\/u><\/td><\/tr><tr><td>Italien<\/td><td><a href=\"http:\/\/www.meteoam.it\/\" target=\"_blank\" rel=\"noreferrer noopener\">www.meteoam.it<\/a><\/td><\/tr><\/tbody><\/table><\/figure>\n","protected":false},"excerpt":{"rendered":"<p>Trotz sorgf\u00e4ltiger inhaltlicher Kontrolle \u00fcbernehme ich keinerlei Haftung f\u00fcr Inhalte externer Links. F\u00fcr den Inhalt der verlinkten Seiten sind ausschlie\u00dflich deren Betreiber verantwortlich. Vorhersage Travem\u00fcnde \u00a0 Surfwetter in Malcesine \u00a0 Trotz sorgf\u00e4ltiger inhaltlicher Kontrolle \u00fcbernehmen wir keinerlei Haftung f\u00fcr Inhalte &hellip; <a href=\"http:\/\/www.tzoeller.de\/wordpress\/wetterseite-2\">Weiterlesen <span class=\"meta-nav\">&rarr;<\/span><\/a><\/p>\n","protected":false},"author":3,"featured_media":0,"parent":0,"menu_order":0,"comment_status":"closed","ping_status":"open","template":"","meta":[],"_links":{"self":[{"href":"http:\/\/www.tzoeller.de\/wordpress\/wp-json\/wp\/v2\/pages\/319"}],"collection":[{"href":"http:\/\/www.tzoeller.de\/wordpress\/wp-json\/wp\/v2\/pages"}],"about":[{"href":"http:\/\/www.tzoeller.de\/wordpress\/wp-json\/wp\/v2\/types\/page"}],"author":[{"embeddable":true,"href":"http:\/\/www.tzoeller.de\/wordpress\/wp-json\/wp\/v2\/users\/3"}],"replies":[{"embeddable":true,"href":"http:\/\/www.tzoeller.de\/wordpress\/wp-json\/wp\/v2\/comments?post=319"}],"version-history":[{"count":24,"href":"http:\/\/www.tzoeller.de\/wordpress\/wp-json\/wp\/v2\/pages\/319\/revisions"}],"predecessor-version":[{"id":501,"href":"http:\/\/www.tzoeller.de\/wordpress\/wp-json\/wp\/v2\/pages\/319\/revisions\/501"}],"wp:attachment":[{"href":"http:\/\/www.tzoeller.de\/wordpress\/wp-json\/wp\/v2\/media?parent=319"}],"curies":[{"name":"wp","href":"https:\/\/api.w.org\/{rel}","templated":true}]}}